{"id":167,"date":"2021-12-20T13:25:28","date_gmt":"2021-12-20T12:25:28","guid":{"rendered":"https:\/\/tienda.suscraib.com\/aeolservice\/?post_type=product&#038;p=167"},"modified":"2022-02-23T11:01:24","modified_gmt":"2022-02-23T10:01:24","slug":"programa-aeol-multimedia-permiso-b","status":"publish","type":"product","link":"https:\/\/tienda.suscraib.com\/aeolservice\/producto\/programa-aeol-multimedia-permiso-b\/","title":{"rendered":"Programa Aeol Multimedia Permiso B"},"content":{"rendered":"<p>Incluye un test tem\u00e1tico (OPCIONAL) al final de cada tema.<br \/>\nConectado con nuestro software de Test Visual Aeol, de modo que el alumno podr\u00e1 acudir a las ayudas que se facilitan y podr\u00e1 acceder directamente a resolver sus dudas.<\/p>\n<p>Al finalizar cualquier tema podr\u00e1 acceder a a los test de examen.<br \/>\nEs un producto elaborado para la formaci\u00f3n de los futuros conductores y que hace m\u00e1s din\u00e1mico y efectivo el aprendizaje de los alumnos.<br \/>\nPosibilidad conexi\u00f3n Visual AEOL.<\/p>\n<p>Codificado al igual que AEOL Manual Permiso B para realizar b\u00fasquedas de forma r\u00e1pida y sencilla.<\/p>\n<p>Incluye 1 licencia.<\/p>\n","protected":false},"excerpt":{"rendered":"<p>AEOL MULTIMEDIA ofrece la posibilidad de introducir las \u00faltimas tecnolog\u00edas en los centros de formaci\u00f3n vial.<\/p>\n<p>Facilita al profesor el desarrollo de la clase y se adapta perfectamente a la creaci\u00f3n de un gui\u00f3n, con m\u00faltiples animaciones y fotograf\u00edas para facilitar la explicaci\u00f3n del profesional a los futuros conductores.<\/p>\n","protected":false},"featured_media":168,"template":"","meta":[],"product_cat":[20,33,16],"product_tag":[],"_links":{"self":[{"href":"https:\/\/tienda.suscraib.com\/aeolservice\/wp-json\/wp\/v2\/product\/167"}],"collection":[{"href":"https:\/\/tienda.suscraib.com\/aeolservice\/wp-json\/wp\/v2\/product"}],"about":[{"href":"https:\/\/tienda.suscraib.com\/aeolservice\/wp-json\/wp\/v2\/types\/product"}],"wp:featuredmedia":[{"embeddable":true,"href":"https:\/\/tienda.suscraib.com\/aeolservice\/wp-json\/wp\/v2\/media\/168"}],"wp:attachment":[{"href":"https:\/\/tienda.suscraib.com\/aeolservice\/wp-json\/wp\/v2\/media?parent=167"}],"wp:term":[{"taxonomy":"product_cat","embeddable":true,"href":"https:\/\/tienda.suscraib.com\/aeolservice\/wp-json\/wp\/v2\/product_cat?post=167"},{"taxonomy":"product_tag","embeddable":true,"href":"https:\/\/tienda.suscraib.com\/aeolservice\/wp-json\/wp\/v2\/product_tag?post=167"}],"curies":[{"name":"wp","href":"https:\/\/api.w.org\/{rel}","templated":true}]}}