{"id":622,"date":"2021-12-27T12:56:05","date_gmt":"2021-12-27T11:56:05","guid":{"rendered":"https:\/\/tienda.suscraib.com\/aeolservice\/?page_id=622"},"modified":"2021-12-27T12:57:59","modified_gmt":"2021-12-27T11:57:59","slug":"politica-de-privacidad","status":"publish","type":"page","link":"https:\/\/tienda.suscraib.com\/aeolservice\/politica-de-privacidad\/","title":{"rendered":"Pol\u00edtica de privacidad"},"content":{"rendered":"\n<p>A<strong>EOL SERVICE, SL<\/strong> con CIF B97688261y domicilio social sito en C\/L\u2019Amet, 3 CP 46460 Silla (Valencia) es titular del sitio web <a href=\"https:\/\/tienda.suscraib.com\/aeolservice\/\">https:\/\/tienda.suscraib.com\/aeolservice\/<\/a> y responsable del tratamiento de los datos de car\u00e1cter personal que los usuarios suministran a trav\u00e9s de este sitio web.<\/p>\n\n\n\n<p>Si tiene cualquier tipo de consulta, comentario o inquietud, o si desea realizar alguna sugerencia sobre c\u00f3mo usamos la informaci\u00f3n personal, puede enviar un correo a nuestro Delegado de Protecci\u00f3n de Datos a la direcci\u00f3n de correo lopd@aeolservice.com<\/p>\n\n\n\n<p>AEOL SERVICE, SL informa a los usuarios de este sitio web sobre su pol\u00edtica respecto del tratamiento y protecci\u00f3n de los datos de car\u00e1cter personal de los usuarios y clientes que puedan ser recabados por la navegaci\u00f3n y uso de este sitio web.<\/p>\n\n\n\n<p>La finalidad de este documento es informar a los usuarios sobre qu\u00e9 hacemos con sus datos personales, c\u00f3mo se recaban, para qu\u00e9 se utilizan, los derechos que les asisten as\u00ed como toda la informaci\u00f3n necesaria establecida por la normativa vigente.<\/p>\n\n\n\n<p>Al utilizar este sitio web entendemos que ha le\u00eddo y comprendido la informaci\u00f3n que se expone en relaci\u00f3n con el tratamiento de sus datos de car\u00e1cter personal.<\/p>\n\n\n\n<p>Nuestro principal objetivo es tratar los datos personales de una forma l\u00edcita, leal y transparente.<\/p>\n\n\n\n<p><strong>Datos recabados, finalidad y licitud<\/strong><br>Los datos de car\u00e1cter personal tratados son los aportados por los usuarios a trav\u00e9s los formularios o del mail info@aeolservice.com disponibles en este sitio web y son los m\u00ednimos exigibles para poder enviarle informaci\u00f3n sobre nuestros productos \/ servicios, poder realizar pedidos, as\u00ed como poder elaborar las facturas correspondientes, informar sobre el estado de los pedidos, atender reclamaciones y cualquier otra gesti\u00f3n derivada de la prestaci\u00f3n del servicio realizado a trav\u00e9s de este sitio web.<\/p>\n\n\n\n<p>Dichas finalidades est\u00e1n basadas en principios legales de tratamiento de los datos recogidos por la normativa vigente: para la ejecuci\u00f3n de un contrato o la prestaci\u00f3n de un servicio a los usuarios, para el cumplimiento de obligaciones legales, por el inter\u00e9s leg\u00edtimo y con el consentimiento de los usuarios.<\/p>\n\n\n\n<p>Puede descargarse nuestro contrato de encargado de tratamiento en el caso que tratemos sus datos por cuenta del responsable.<\/p>\n\n\n\n<p><strong>Datos recabados para env\u00edo de CV a trav\u00e9s del formulario web<\/strong><br>En el caso de que el usuario nos env\u00ede su curr\u00edculum, se le informa que los datos contenidos en el mismo, se tratar\u00e1n para el proceso de selecci\u00f3n de personal para un puesto de trabajo en la empresa, solo ser\u00e1n tratados por el personal de RRHH.<\/p>\n\n\n\n<p>Los curr\u00edculums de los candidatos no seleccionados, se podr\u00e1n guardar como m\u00e1ximo durante seis meses para siguientes procesos de selecci\u00f3n, una vez cumplido el plazo, dichos datos se destruir\u00e1n.<\/p>\n\n\n\n<p>Datos recabados para la solicitud de informaci\u00f3n a trav\u00e9s del formulario web o correo electr\u00f3nico<br>Los datos personales recabados a trav\u00e9s del formulario web o correo electr\u00f3nico para la petici\u00f3n de informaci\u00f3n tienen como finalidad el env\u00edo de informaci\u00f3n comercial sobre nuestros productos y servicios.<\/p>\n\n\n\n<p>El tratamiento de los datos en este caso concreto est\u00e1 legitimado por el consentimiento expreso que usted nos presta al aceptar el env\u00edo de la informaci\u00f3n aportada a trav\u00e9s del formulario o correo electr\u00f3nico<\/p>\n\n\n\n<p><strong>Operaciones que se realizan con los datos personales<\/strong><br>Los datos de car\u00e1cter personal son registrados a trav\u00e9s de la web y conservados en soportes electr\u00f3nicos controlados y supervisados por el responsable del tratamiento. Los soportes cuentan con las medidas t\u00e9cnicas y organizativas necesarias que garantizan la debida confidencialidad en el tratamiento de los datos.<\/p>\n\n\n\n<p>El personal implicado en las operaciones de tratamiento de datos: acceso, edici\u00f3n, borrado, etc\u2026 est\u00e1 capacitado para ello y est\u00e1 formado y comprometido con nuestra pol\u00edtica de protecci\u00f3n de datos.<\/p>\n\n\n\n<p>De acuerdo con lo establecido en la Ley 34\/2002, de Servicios de la Sociedad de la Informaci\u00f3n y el Comercio Electr\u00f3nico en su art\u00edculo 21, pedimos su consentimiento para poder realizar comunicaciones publicitarias que consideremos puedan ser de su inter\u00e9s, por correo electr\u00f3nico o por cualquier otro medio de comunicaci\u00f3n electr\u00f3nica equivalente, este consentimiento.<\/p>\n\n\n\n<p><strong>Conservaci\u00f3n de los datos<\/strong><br>Los datos de car\u00e1cter personal se conservar\u00e1n el tiempo que sea necesario para poder atender la finalidad \/ finalidades para los que fueron. Por lo tanto mantendremos su informaci\u00f3n personal mientras exista una relaci\u00f3n contractual y\/o comercial con usted o mientras usted no ejerza su derecho de supresi\u00f3n, cancelaci\u00f3n y\/o limitaci\u00f3n del tratamiento de sus datos.<\/p>\n\n\n\n<p>En estos casos, mantendremos la informaci\u00f3n debidamente bloqueada, sin darle ning\u00fan uso, mientras pueda ser necesaria para el ejercicio o defensa de reclamaciones o pueda derivarse alg\u00fan tipo de responsabilidad judicial, legal o contractual de su tratamiento, que deba ser atendida y para lo cual sea necesaria su recuperaci\u00f3n.<\/p>\n\n\n\n<p><strong>Protecci\u00f3n de los menores<\/strong><br>Los menores de 14 a\u00f1os no pueden prestar su consentimiento para que un comercio recoja y trate sus datos personales; solo sus representantes legales (padres o tutores) son quienes pueden hacerlo en su nombre. Aquellos comercios que necesiten tratar datos de menores de 14 a\u00f1os, deben disponer de los medios para obtener el consentimiento de sus padres o tutores, por ejemplo, mediante un mensaje de correo electr\u00f3nico dirigido a alguno de ellos que contenga un enlace a un formulario electr\u00f3nico. No se puede pedir a los menores de 14 a\u00f1os datos sobre el \u00e1mbito familiar, siendo la \u00fanica excepci\u00f3n los datos de identificaci\u00f3n y contacto de los padres o tutores.<\/p>\n\n\n\n<p><strong>Destinatarios de sus datos personales<\/strong><br>Informamos a los usuarios de que sus datos personales no ser\u00e1n comunicados a terceros, con la salvedad de que dicha comunicaci\u00f3n de datos est\u00e9 amparada en una obligaci\u00f3n legal o cuando para la correcta prestaci\u00f3n del servicio o la ejecuci\u00f3n del contrato sea necesario comunicar sus datos a otros responsables como pueden ser otras empresas del grupo, encargados del tratamiento.<\/p>\n\n\n\n<p>Empresas y entidades y otras organizaciones a las que se hayan contratado la prestaci\u00f3n de servicios, tales como: hosting, servicios de marketing, comunicaci\u00f3n, dise\u00f1o de plataformas y servicios de la sociedad de la informaci\u00f3n.<\/p>\n\n\n\n<p>Empresas, compa\u00f1\u00edas u otras organizaciones a las que nos haya solicitado o aceptado que podamos compartir sus datos personales.<\/p>\n\n\n\n<p>Empresas u otras organizaciones relacionadas con AEOL SERVICE, SL identificadas en el Sitio Web: https:\/\/tienda.suscraib.com\/aeolservice\/<\/p>\n\n\n\n<p>Prestadores de servicios profesionales, como abogados, procuradores, notarios, registradores u otros profesionales similares.<\/p>\n\n\n\n<p>Organismos p\u00fablicos, tribunales, reguladores y otras autoridades administrativas, cuando consideremos que es necesario para cumplir con una obligaci\u00f3n legal o regulatoria, o de otra forma para protegernos de reclamaciones contra nosotros o terceros, o la seguridad de las personas, as\u00ed como para prevenir, o de alguna otra forma luchar, contra el fraude o por razones de seguridad o protecci\u00f3n.<\/p>\n\n\n\n<p>Para los casos en los que la comunicaci\u00f3n de datos a terceros no est\u00e9 amparada en las bases legales establecidas en el apartado anterior, la comunicaci\u00f3n de datos a otros destinatarios s\u00f3lo se realizar\u00e1 si el usuario ha dado su consentimiento expreso.<\/p>\n\n\n\n<p>AEOL SERVICE, SL mantiene unos criterios estrictos de selecci\u00f3n de encargados de tratamiento y se compromete contractualmente con cada uno a cumplir y hacer cumplir las obligaciones establecidas en materia de protecci\u00f3n de datos.<\/p>\n\n\n\n<p><strong>DESTINATARIOS EN EL CASO DE LA APLICACI\u00d3N AEOL PLUS<\/strong><br>El usuario consiente el tratamiento de sus datos para la elaboraci\u00f3n de estad\u00edsticas (mediante t\u00e9cnicas de perfilado como, entre otras, la Geolocalizaci\u00f3n). Los citados tratamientos tienen como finalidad el informe del recorrido realizado por el usuario. El tratamiento de dichos datos se realizar\u00e1 a trav\u00e9s de DRIVE SMART TECHNOLOGIES, S.L.<\/p>\n\n\n\n<p>Los servicios de :DriveSmart utilizan la ubicaci\u00f3n, por lo que necesitan conocer su ubicaci\u00f3n para funcionar. Cada vez que el usuario interact\u00faa con la aplicaci\u00f3n para grabar un viaje, :DriveSmart utiliza la informaci\u00f3n de ubicaci\u00f3n de su dispositivo m\u00f3vil para grabar (y posteriormente, analizar y evaluar) su recorrido en base a su ubicaci\u00f3n actual. Adem\u00e1s, los servicios utilizan la \u201cubicaci\u00f3n en segundo plano\u201d del dispositivo m\u00f3vil para grabar el recorrido mientras el usuario conduce sin necesidad de manipular el dispositivo m\u00f3vil.<\/p>\n\n\n\n<figure class=\"wp-block-embed is-type-wp-embed is-provider-drivesmart-es wp-block-embed-drivesmart-es\"><div class=\"wp-block-embed__wrapper\">\n<blockquote class=\"wp-embedded-content\" data-secret=\"I5Zbf2yj0I\"><a href=\"https:\/\/drive-smart.com\/es\/politica-de-privacidad\/\">Pol\u00edtica de privacidad :DriveSmart<\/a><\/blockquote><iframe class=\"wp-embedded-content\" sandbox=\"allow-scripts\" security=\"restricted\" style=\"position: absolute; clip: rect(1px, 1px, 1px, 1px);\" title=\"\u00abPol\u00edtica de privacidad :DriveSmart\u00bb \u2014 DriveSmart ES\" src=\"https:\/\/drive-smart.com\/es\/politica-de-privacidad\/embed\/#?secret=I5Zbf2yj0I\" data-secret=\"I5Zbf2yj0I\" width=\"600\" height=\"338\" frameborder=\"0\" marginwidth=\"0\" marginheight=\"0\" scrolling=\"no\"><\/iframe>\n<\/div><\/figure>\n\n\n\n<p><strong>Ejercicio de los derechos<\/strong><br>De acuerdo con los derechos que confiere la normativa vigente en materia de protecci\u00f3n de datos de car\u00e1cter personal, el usuario podr\u00e1 ejercer los derechos de acceso, rectificaci\u00f3n, limitaci\u00f3n de tratamiento, supresi\u00f3n, portabilidad y oposici\u00f3n al tratamiento de sus datos dirigiendo su petici\u00f3n a la direcci\u00f3n postal indicada o al correo electr\u00f3nico info@aeolservice.com<\/p>\n\n\n\n<p>Para el ejercicio de los derechos deber\u00e1 identificarse mediante la presentaci\u00f3n de su DNI.<\/p>\n\n\n\n<p>Para cualquier reclamaci\u00f3n puede dirigirse al mismo correo indicado. Igualmente podr\u00e1 dirigirse a la Agencia Espa\u00f1ola de Protecci\u00f3n de Datos: www.agpd.es<\/p>\n","protected":false},"excerpt":{"rendered":"<p>AEOL SERVICE, SL con CIF B97688261y domicilio social sito en C\/L\u2019Amet, 3 CP 46460 Silla (Valencia) es titular del sitio web https:\/\/tienda.suscraib.com\/aeolservice\/ y responsable del tratamiento de los datos de [&hellip;]<\/p>\n","protected":false},"author":1,"featured_media":0,"parent":0,"menu_order":0,"comment_status":"closed","ping_status":"closed","template":"","meta":[],"categories":[],"tags":[],"_links":{"self":[{"href":"https:\/\/tienda.suscraib.com\/aeolservice\/wp-json\/wp\/v2\/pages\/622"}],"collection":[{"href":"https:\/\/tienda.suscraib.com\/aeolservice\/wp-json\/wp\/v2\/pages"}],"about":[{"href":"https:\/\/tienda.suscraib.com\/aeolservice\/wp-json\/wp\/v2\/types\/page"}],"author":[{"embeddable":true,"href":"https:\/\/tienda.suscraib.com\/aeolservice\/wp-json\/wp\/v2\/users\/1"}],"replies":[{"embeddable":true,"href":"https:\/\/tienda.suscraib.com\/aeolservice\/wp-json\/wp\/v2\/comments?post=622"}],"version-history":[{"count":2,"href":"https:\/\/tienda.suscraib.com\/aeolservice\/wp-json\/wp\/v2\/pages\/622\/revisions"}],"predecessor-version":[{"id":627,"href":"https:\/\/tienda.suscraib.com\/aeolservice\/wp-json\/wp\/v2\/pages\/622\/revisions\/627"}],"wp:attachment":[{"href":"https:\/\/tienda.suscraib.com\/aeolservice\/wp-json\/wp\/v2\/media?parent=622"}],"wp:term":[{"taxonomy":"category","embeddable":true,"href":"https:\/\/tienda.suscraib.com\/aeolservice\/wp-json\/wp\/v2\/categories?post=622"},{"taxonomy":"post_tag","embeddable":true,"href":"https:\/\/tienda.suscraib.com\/aeolservice\/wp-json\/wp\/v2\/tags?post=622"}],"curies":[{"name":"wp","href":"https:\/\/api.w.org\/{rel}","templated":true}]}}