{"id":296,"date":"2021-12-22T11:29:33","date_gmt":"2021-12-22T10:29:33","guid":{"rendered":"https:\/\/tienda.suscraib.com\/aeolservice\/?page_id=296"},"modified":"2022-01-31T11:41:47","modified_gmt":"2022-01-31T10:41:47","slug":"aeol-services","status":"publish","type":"page","link":"https:\/\/tienda.suscraib.com\/aeolservice\/","title":{"rendered":"AEOL Services"},"content":{"rendered":"\n<div class=\"wp-block-cover alignfull has-background-dim slide-inicio2\" style=\"min-height:473px\"><img loading=\"lazy\" width=\"1350\" height=\"900\" class=\"wp-block-cover__image-background wp-image-349\" alt=\"\" src=\"http:\/\/tienda.suscraib.com\/aeolservice\/wp-content\/uploads\/sites\/2\/2021\/12\/drivers2.jpg\" data-object-fit=\"cover\" srcset=\"https:\/\/tienda.suscraib.com\/aeolservice\/wp-content\/uploads\/sites\/2\/2021\/12\/drivers2.jpg 1350w, https:\/\/tienda.suscraib.com\/aeolservice\/wp-content\/uploads\/sites\/2\/2021\/12\/drivers2-300x200.jpg 300w, https:\/\/tienda.suscraib.com\/aeolservice\/wp-content\/uploads\/sites\/2\/2021\/12\/drivers2-1024x683.jpg 1024w, https:\/\/tienda.suscraib.com\/aeolservice\/wp-content\/uploads\/sites\/2\/2021\/12\/drivers2-768x512.jpg 768w, https:\/\/tienda.suscraib.com\/aeolservice\/wp-content\/uploads\/sites\/2\/2021\/12\/drivers2-1140x760.jpg 1140w, https:\/\/tienda.suscraib.com\/aeolservice\/wp-content\/uploads\/sites\/2\/2021\/12\/drivers2-920x613.jpg 920w, https:\/\/tienda.suscraib.com\/aeolservice\/wp-content\/uploads\/sites\/2\/2021\/12\/drivers2-575x383.jpg 575w, https:\/\/tienda.suscraib.com\/aeolservice\/wp-content\/uploads\/sites\/2\/2021\/12\/drivers2-380x253.jpg 380w, https:\/\/tienda.suscraib.com\/aeolservice\/wp-content\/uploads\/sites\/2\/2021\/12\/drivers2-800x533.jpg 800w\" sizes=\"(max-width: 1350px) 100vw, 1350px\" \/><div class=\"wp-block-cover__inner-container\">\n<h1>AEOL Services<\/h1>\n\n\n\n<h3> Editorial l\u00edder en educaci\u00f3n vial <\/h3>\n<\/div><\/div>\n\n\n\n<div class=\"wp-block-columns primer-bloque-columnas\">\n<div class=\"wp-block-column\">\n<h3>Suscr\u00edbete a AEOL Services<\/h3>\n\n\n\n<p>AEOL es la empresa referente en Espa\u00f1a en prestaci\u00f3n de servicios en las \u00e1reas de Formaci\u00f3n, Seguridad y Educaci\u00f3n Vial en todas sus variantes, apostando por I+D+i y las Nuevas Tecnolog\u00edas en todos nuestros proyectos.<\/p>\n\n\n\n<p>Descubre toda la oferta de suscripciones relacionadas con sus productos o servicios asociados a la obtenci\u00f3n de tu licencia o carnet de conducir a trav\u00e9s de recursos de formaci\u00f3n y educaci\u00f3n online.<\/p>\n<\/div>\n\n\n\n<div class=\"wp-block-column\">\n<div class=\"customer_registrar\">\n    <h3>SOLICITA RESGITRARTE <\/h3>\n<h5>&#8230; y accede a todos nuestros beneficios<\/h5>\n    \t<div class='user-registration ur-frontend-form  ' id='user-registration-form-590'>\n\t\t<form method='post' class='register' data-form-id=\"590\"\n\t\t\t  data-enable-strength-password=\"\" data-minimum-password-strength=\"3\"  data-captcha-enabled=\"\">\n\n\t\t\t\t\t\t\t\t\t<div class='ur-form-row'>\n\t\t\t\t\t\t\t\t\t\t\t\t\t\t\t\t<div class=\"ur-form-grid ur-grid-1\"\n\t\t\t\t\t\t\t\t\t\t\t style=\"width:99%\">\n\t\t\t\t\t\t\t\t\t\t\t\t\t\t\t\t\t\t\t\t\t\t\t\t<div  data-field-id=\"user_login\" class=\"ur-field-item field-user_login campos-registro\">\n\t\t\t\t\t\t\t\t\t\t\t\t\t<div class=\"form-row validate-required\" id=\"user_login_field\" data-priority=\"\" ><label for=\"user_login\" class=\"ur-label\">Nombre de usuario <abbr class=\"required\" title=\"obligatorio\">*<\/abbr><\/label> <span class=\"input-wrapper\"> <input data-rules=\"\" data-id=\"user_login\" type=\"text\" class=\"input-text without_icon input-text ur-frontend-field \" name=\"user_login\" id=\"user_login\" placeholder=\"\"  value=\"\" required=\"required\" data-label=\"Nombre de usuario\" data-username-character=\"no\"\/> <\/span> <\/div>\t\t\t\t\t\t\t\t\t\t\t\t\t\t\t<\/div>\n\t\t\t\t\t\t\t\t\t\t\t\t\t\t\t\t\t\t\t\t\t\t\t\t\t\t\t\t<div  data-field-id=\"user_email\" class=\"ur-field-item field-user_email campos-registro\">\n\t\t\t\t\t\t\t\t\t\t\t\t\t<div class=\"form-row validate-required\" id=\"user_email_field\" data-priority=\"\" ><label for=\"user_email\" class=\"ur-label\">Direcci\u00f3n de correo electr\u00f3nico <abbr class=\"required\" title=\"obligatorio\">*<\/abbr><\/label> <span class=\"input-wrapper\"> <input data-rules=\"\" data-id=\"user_email\" type=\"email\" class=\"input-text without_icon input-email ur-frontend-field \" name=\"user_email\" id=\"user_email\" placeholder=\"\"  value=\"\" required=\"required\" data-label=\"Direcci\u00f3n de correo electr\u00f3nico\" \/> <\/span> <\/div>\t\t\t\t\t\t\t\t\t\t\t\t\t\t\t<\/div>\n\t\t\t\t\t\t\t\t\t\t\t\t\t\t\t\t\t\t\t\t\t\t\t\t\t\t\t\t<div  data-field-id=\"user_pass\" class=\"ur-field-item field-user_pass campos-registro\">\n\t\t\t\t\t\t\t\t\t\t\t\t\t<div class=\"form-row validate-required hide_show_password\" id=\"user_pass_field\" data-priority=\"\"><label for=\"user_pass\" class=\"ur-label\">Contrase\u00f1a <abbr class=\"required\" title=\"obligatorio\">*<\/abbr><\/label> <span class=\"input-wrapper\"> <span class=\"password-input-group input-form-field-icons\"><input data-rules=\"\" data-id=\"user_pass\" type=\"password\" class=\"input-text without_icon input-password ur-frontend-field \" name=\"user_pass\" id=\"user_pass\" placeholder=\"\"  value=\"\" required=\"required\" data-label=\"Contrase\u00f1a\" \/><\/span> <\/span> <\/div>\t\t\t\t\t\t\t\t\t\t\t\t\t\t\t<\/div>\n\t\t\t\t\t\t\t\t\t\t\t\t\t\t\t\t\t\t\t\t\t\t\t<\/div>\n\t\t\t\t\t\t\t\t\t\t\t\t\t\t\t<\/div>\n\t\t\t\t\t\t\t\t\t\t\t\t\t\t<div class=\"ur-button-container \" >\n\t\t\t\t\t\t\t\t\t\t\t\t<button type=\"submit\" class=\"btn button ur-submit-button \">\n\t\t\t\t\t\t\t<span><\/span>\n\t\t\t\t\t\t\tEnviar\t\t\t\t\t\t<\/button>\n\t\t\t\t\t\t\t\t\t\t\t\t\t\t\t\t\t<\/div>\n\t\t\t\t\t\n\t\t\t<div style=\"clear:both\"><\/div>\n\t\t\t\t\t\t<input type=\"hidden\" name=\"ur-user-form-id\" value=\"590\"\/>\n\t\t\t<input type=\"hidden\" name=\"ur-redirect-url\" value=\"\"\/>\n\t\t\t<input type=\"hidden\" id=\"ur_frontend_form_nonce\" name=\"ur_frontend_form_nonce\" value=\"f53f92c7ec\" \/>\n\t\t\t\t\t<\/form>\n\n\t\t<div style=\"clear:both\"><\/div>\n\t<\/div>\n\n<\/div>\n<\/div>\n<\/div>\n\n\n\n<div class=\"wp-block-cover alignfull has-background-dim-60 has-palette-1-color-0-background-color has-background-dim fondo-coche\" style=\"min-height:293px\"><img loading=\"lazy\" width=\"1411\" height=\"816\" class=\"wp-block-cover__image-background wp-image-486\" alt=\"\" src=\"http:\/\/tienda.suscraib.com\/aeolservice\/wp-content\/uploads\/sites\/2\/2021\/12\/road-driver-1.jpg\" style=\"object-position:50% 60%\" data-object-fit=\"cover\" data-object-position=\"50% 60%\" srcset=\"https:\/\/tienda.suscraib.com\/aeolservice\/wp-content\/uploads\/sites\/2\/2021\/12\/road-driver-1.jpg 1411w, https:\/\/tienda.suscraib.com\/aeolservice\/wp-content\/uploads\/sites\/2\/2021\/12\/road-driver-1-300x173.jpg 300w, https:\/\/tienda.suscraib.com\/aeolservice\/wp-content\/uploads\/sites\/2\/2021\/12\/road-driver-1-1024x592.jpg 1024w, https:\/\/tienda.suscraib.com\/aeolservice\/wp-content\/uploads\/sites\/2\/2021\/12\/road-driver-1-768x444.jpg 768w, https:\/\/tienda.suscraib.com\/aeolservice\/wp-content\/uploads\/sites\/2\/2021\/12\/road-driver-1-1140x659.jpg 1140w, https:\/\/tienda.suscraib.com\/aeolservice\/wp-content\/uploads\/sites\/2\/2021\/12\/road-driver-1-920x532.jpg 920w, https:\/\/tienda.suscraib.com\/aeolservice\/wp-content\/uploads\/sites\/2\/2021\/12\/road-driver-1-575x333.jpg 575w, https:\/\/tienda.suscraib.com\/aeolservice\/wp-content\/uploads\/sites\/2\/2021\/12\/road-driver-1-380x220.jpg 380w, https:\/\/tienda.suscraib.com\/aeolservice\/wp-content\/uploads\/sites\/2\/2021\/12\/road-driver-1-800x463.jpg 800w\" sizes=\"(max-width: 1411px) 100vw, 1411px\" \/><div class=\"wp-block-cover__inner-container\">\n<h2>Suscripciones en educaci\u00f3n vial<\/h2>\n\n\n\n<h4>Accede, v\u00eda suscripci\u00f3n, a todos tus recursos de formaci\u00f3n y educaci\u00f3n Online para obtener tu licencia o carnet de conducir<\/h4>\n<\/div><\/div>\n\n\n\n<div class=\"wp-block-columns alignfull are-vertically-aligned-center bloque-segundo\">\n<div class=\"wp-block-column is-vertically-aligned-center\" style=\"flex-basis:355px\">\n<div class=\"wp-block-image leyenda\"><figure class=\"aligncenter\"><img src=\"http:\/\/tienda.suscraib.com\/aeolservice\/wp-content\/uploads\/sites\/2\/2021\/12\/3d.jpg\" alt=\"\" class=\"wp-image-240\"\/><\/figure><\/div>\n\n\n\n<div class=\"wp-block-group\"><div class=\"wp-block-group__inner-container\">\n<button type=\"button\" class=\"btn-inicio\"><a href=\"https:\/\/tienda.suscraib.com\/aeolservice\/categoria-producto\/software\/\">Software<\/a><\/button>\n<\/div><\/div>\n<\/div>\n\n\n\n<div class=\"wp-block-column is-vertically-aligned-center\" style=\"flex-basis:355px\">\n<div class=\"wp-block-image leyenda seg\"><figure class=\"aligncenter\"><img src=\"http:\/\/tienda.suscraib.com\/aeolservice\/wp-content\/uploads\/sites\/2\/2021\/12\/desarrollo.jpg\" alt=\"\" class=\"wp-image-241\"\/><\/figure><\/div>\n\n\n\n<button type=\"button\" class=\"btn-inicio\"><a href=\"https:\/\/tienda.suscraib.com\/aeolservice\/categoria-producto\/hardware\/\">Hardware<\/a><\/button>\n<\/div>\n\n\n\n<div class=\"wp-block-column is-vertically-aligned-center\" style=\"flex-basis:355px\">\n<div class=\"wp-block-image leyenda ter\"><figure class=\"aligncenter\"><img loading=\"lazy\" width=\"696\" height=\"506\" src=\"https:\/\/tienda.suscraib.com\/aeolservice\/wp-content\/uploads\/sites\/2\/2021\/12\/app.jpg\" alt=\"\" class=\"wp-image-242\" srcset=\"https:\/\/tienda.suscraib.com\/aeolservice\/wp-content\/uploads\/sites\/2\/2021\/12\/app.jpg 696w, https:\/\/tienda.suscraib.com\/aeolservice\/wp-content\/uploads\/sites\/2\/2021\/12\/app-300x218.jpg 300w, https:\/\/tienda.suscraib.com\/aeolservice\/wp-content\/uploads\/sites\/2\/2021\/12\/app-416x302.jpg 416w\" sizes=\"(max-width: 696px) 100vw, 696px\" \/><\/figure><\/div>\n\n\n\n<button type=\"button\" class=\"btn-inicio\"><a href=\"https:\/\/tienda.suscraib.com\/aeolservice\/formacion\/\">Formaci\u00f3n<\/a><\/button>\n<\/div>\n<\/div>\n","protected":false},"excerpt":{"rendered":"<p>Suscr\u00edbete a AEOL Services AEOL es la empresa referente en Espa\u00f1a en prestaci\u00f3n de servicios en las \u00e1reas de Formaci\u00f3n, Seguridad y Educaci\u00f3n Vial en todas sus variantes, apostando por [&hellip;]<\/p>\n","protected":false},"author":1,"featured_media":0,"parent":0,"menu_order":0,"comment_status":"closed","ping_status":"closed","template":"","meta":[],"categories":[],"tags":[],"_links":{"self":[{"href":"https:\/\/tienda.suscraib.com\/aeolservice\/wp-json\/wp\/v2\/pages\/296"}],"collection":[{"href":"https:\/\/tienda.suscraib.com\/aeolservice\/wp-json\/wp\/v2\/pages"}],"about":[{"href":"https:\/\/tienda.suscraib.com\/aeolservice\/wp-json\/wp\/v2\/types\/page"}],"author":[{"embeddable":true,"href":"https:\/\/tienda.suscraib.com\/aeolservice\/wp-json\/wp\/v2\/users\/1"}],"replies":[{"embeddable":true,"href":"https:\/\/tienda.suscraib.com\/aeolservice\/wp-json\/wp\/v2\/comments?post=296"}],"version-history":[{"count":80,"href":"https:\/\/tienda.suscraib.com\/aeolservice\/wp-json\/wp\/v2\/pages\/296\/revisions"}],"predecessor-version":[{"id":1065,"href":"https:\/\/tienda.suscraib.com\/aeolservice\/wp-json\/wp\/v2\/pages\/296\/revisions\/1065"}],"wp:attachment":[{"href":"https:\/\/tienda.suscraib.com\/aeolservice\/wp-json\/wp\/v2\/media?parent=296"}],"wp:term":[{"taxonomy":"category","embeddable":true,"href":"https:\/\/tienda.suscraib.com\/aeolservice\/wp-json\/wp\/v2\/categories?post=296"},{"taxonomy":"post_tag","embeddable":true,"href":"https:\/\/tienda.suscraib.com\/aeolservice\/wp-json\/wp\/v2\/tags?post=296"}],"curies":[{"name":"wp","href":"https:\/\/api.w.org\/{rel}","templated":true}]}}